{"id":33437,"date":"2025-03-26T21:00:59","date_gmt":"2025-03-26T20:00:59","guid":{"rendered":"https:\/\/alsantis.com\/?page_id=33437"},"modified":"2025-08-21T09:39:12","modified_gmt":"2025-08-21T07:39:12","slug":"a-propos-de-nous","status":"publish","type":"page","link":"http:\/\/alsantis.com\/fr\/a-propos-de-nous\/","title":{"rendered":"\u00c0 propos de nous"},"content":{"rendered":"<div data-elementor-type=\"wp-page\" data-elementor-id=\"33437\" class=\"elementor elementor-33437\">\n\t\t\t\t\t\t<section class=\"elementor-section elementor-top-section elementor-element elementor-element-6913ad2e elementor-section-stretched elementor-section-height-full elementor-section-items-stretch elementor-section-content-middle elementor-section-boxed elementor-section-height-default\" data-id=\"6913ad2e\" data-element_type=\"section\" data-settings=\"{&quot;stretch_section&quot;:&quot;section-stretched&quot;,&quot;background_background&quot;:&quot;classic&quot;}\">\r\n\t\t\t\t\t\t<div class=\"elementor-container elementor-column-gap-thegem\"><div class=\"elementor-row\">\r\n\t\t\t\t\t<div class=\"elementor-column elementor-col-100 elementor-top-column elementor-element elementor-element-24bf3d12\" data-id=\"24bf3d12\" data-element_type=\"column\">\n\t\t\t<div class=\"elementor-widget-wrap elementor-element-populated\">\n\t\t\t\t\t\t<div class=\"elementor-element elementor-element-f64363e flex-horizontal-align-default flex-horizontal-align-tablet-default flex-horizontal-align-mobile-default flex-vertical-align-default flex-vertical-align-tablet-default flex-vertical-align-mobile-default elementor-widget elementor-widget-text-editor\" data-id=\"f64363e\" data-element_type=\"widget\" data-widget_type=\"text-editor.default\">\n\t\t\t\t<div class=\"elementor-widget-container\">\n\t\t\t\t\t\t\t\t\t\t\t\t<div class=\"elementor-text-editor elementor-clearfix\">\r\n\t\t\t\t\t\t<h1>\u00c0 PROPOS DE NOUS<\/h1>\t\t\t\t\t\t\t<\/div>\r\n\t\t\t\t\t\t\t\t\t\t<\/div>\n\t\t\t\t<\/div>\n\t\t\t\t<div class=\"elementor-element elementor-element-6becfd2 elementor-absolute flex-horizontal-align-default flex-horizontal-align-tablet-default flex-horizontal-align-mobile-default flex-vertical-align-default flex-vertical-align-tablet-default flex-vertical-align-mobile-default elementor-widget elementor-widget-thegem-icon\" data-id=\"6becfd2\" data-element_type=\"widget\" data-settings=\"{&quot;thegem_elementor_preset&quot;:&quot;square&quot;,&quot;_position&quot;:&quot;absolute&quot;}\" data-widget_type=\"thegem-icon.default\">\n\t\t\t\t<div class=\"elementor-widget-container\">\n\t\t\t\t\t\t\t\t\t<div class=\"centered-box icon-inline-position\">\n\n\t\t\t\t<a href=\"#link\">\n\n\t\t\t\t<div class=\"gem-icon gem-icon-pack-fontawesome gem-icon-size-medium  gem-icon-shape-square\">\n\n\t\t\t\t\t\n\t\t\t\t\n\t\t\t\t<div class=\"gem-icon-inner\">\t\t\t\t\n\n\t\t\t\t\n\t\t\t\t\t\t\t\t\t\t\n\t\t\t\t\t<div class=\"padding-box-inner\">\t\n\t\t\t\t\t\t\t\t\t\t\t\n\n\n\t\t\t\t\t\n\t\t\t\t\t<span class=\"gem-icon-half-1\"><span class=\"back-angle\">\n\t\t\t\t\t<i aria-hidden=\"true\" class=\"gem-mdi mdi-arrow-down\"><\/i>\t\t\t\t\t<\/span><\/span>\n\t\t\t\t\t<span class=\"gem-icon-half-2\"><span class=\"back-angle\">\n\t\t\t\t\t<i aria-hidden=\"true\" class=\"gem-mdi mdi-arrow-down\"><\/i>\t\t\t\t\t<\/span><\/span>\t\n\t\t\t\t\n\t\t\t\t<\/div>\t\t\t\t\n\n\t\t\t\t\t\t\t\t\t\n\n\t\t\t\t\t\t\t\t\t\t\n\t\t\t\t\t<\/div>\n\t\t\t\t\t\t\t\t\t\n\n\t\t\t\t<\/div>\n\n\t\t\t\t<\/a>\n\n\t\t\t\t<\/div>\n\t\t\t\t\t\t\t<\/div>\n\t\t\t\t<\/div>\n\t\t\t\t\t<\/div>\n\t\t<\/div>\n\t\t\t\t\t<\/div><\/div>\r\n\t\t<\/section>\r\n\t\t\t\t<section class=\"elementor-section elementor-top-section elementor-element elementor-element-5bbaad0 elementor-section-full_width elementor-section-height-min-height elementor-section-content-middle elementor-section-items-stretch elementor-section-height-default\" data-id=\"5bbaad0\" data-element_type=\"section\" id=\"link\">\r\n\t\t\t\t\t\t<div class=\"elementor-container elementor-column-gap-no\"><div class=\"elementor-row\">\r\n\t\t\t\t\t<div class=\"elementor-column elementor-col-33 elementor-top-column elementor-element elementor-element-f6ba847\" data-id=\"f6ba847\" data-element_type=\"column\">\n\t\t\t<div class=\"elementor-widget-wrap\">\n\t\t\t\t\t\t\t<\/div>\n\t\t<\/div>\n\t\t\t\t<div class=\"elementor-column elementor-col-33 elementor-top-column elementor-element elementor-element-fa961aa\" data-id=\"fa961aa\" data-element_type=\"column\">\n\t\t\t<div class=\"elementor-widget-wrap elementor-element-populated\">\n\t\t\t\t\t\t<div class=\"elementor-element elementor-element-718e857 elementor-widget__width-initial flex-horizontal-align-default flex-horizontal-align-tablet-default flex-horizontal-align-mobile-default flex-vertical-align-default flex-vertical-align-tablet-default flex-vertical-align-mobile-default elementor-invisible elementor-widget elementor-widget-text-editor\" data-id=\"718e857\" data-element_type=\"widget\" data-settings=\"{&quot;_animation&quot;:&quot;fadeInUp&quot;}\" data-widget_type=\"text-editor.default\">\n\t\t\t\t<div class=\"elementor-widget-container\">\n\t\t\t\t\t\t\t\t\t\t\t\t<div class=\"elementor-text-editor elementor-clearfix\">\r\n\t\t\t\t\t\t<p>Nous sommes une soci\u00e9t\u00e9 commerciale internationale qui s'engage \u00e0 relier les march\u00e9s et \u00e0 cr\u00e9er des opportunit\u00e9s dans le monde entier. Avec une forte pr\u00e9sence internationale, nous sommes sp\u00e9cialis\u00e9s dans l'approvisionnement, la distribution et la livraison de produits de haute qualit\u00e9 dans une large gamme de produits de base, tels que le sucre, le soja, le riz, le ma\u00efs, l'ur\u00e9e et bien d'autres.<\/p><p>Notre vaste r\u00e9seau mondial, notre expertise approfondie des march\u00e9s et notre souci d'excellence nous permettent d'\u00e9tablir des partenariats de confiance et de fournir des solutions commerciales sans faille. Que vous cherchiez \u00e0 importer, \u00e0 exporter ou \u00e0 vous d\u00e9velopper sur de nouveaux march\u00e9s, ALSANTIS est votre partenaire fiable en mati\u00e8re de commerce mondial.<\/p>\t\t\t\t\t\t\t<\/div>\r\n\t\t\t\t\t\t\t\t\t\t<\/div>\n\t\t\t\t<\/div>\n\t\t\t\t\t<\/div>\n\t\t<\/div>\n\t\t\t\t<div class=\"elementor-column elementor-col-33 elementor-top-column elementor-element elementor-element-663db8b\" data-id=\"663db8b\" data-element_type=\"column\">\n\t\t\t<div class=\"elementor-widget-wrap\">\n\t\t\t\t\t\t\t<\/div>\n\t\t<\/div>\n\t\t\t\t\t<\/div><\/div>\r\n\t\t<\/section>\r\n\t\t<div class=\"elementor-element elementor-element-0701f9a e-con-full thegem-e-con-layout-thegem e-flex e-con e-parent\" data-id=\"0701f9a\" data-element_type=\"container\" data-settings=\"{&quot;thegem_container_layout&quot;:&quot;thegem&quot;}\">\r\n\t\t\t\t<div class=\"elementor-element elementor-element-d5edc4a flex-horizontal-align-default flex-horizontal-align-tablet-default flex-horizontal-align-mobile-default flex-vertical-align-default flex-vertical-align-tablet-default flex-vertical-align-mobile-default elementor-widget elementor-widget-gallery\" data-id=\"d5edc4a\" data-element_type=\"widget\" data-widget_type=\"gallery.default\">\n\t\t\t\t<div class=\"elementor-widget-container\">\n\t\t\t\t\t \t\t\t\t<\/div>\n\t\t\t\t<\/div>\n\t\t\t\t<\/div>\n\t\t\t\t<\/div>","protected":false},"excerpt":{"rendered":"<p>\u00c0 PROPOS DE NOUS Nous sommes une soci\u00e9t\u00e9 commerciale internationale qui s'engage \u00e0 relier les march\u00e9s et \u00e0 cr\u00e9er des opportunit\u00e9s dans le monde entier. Avec une forte pr\u00e9sence internationale,...<\/p>","protected":false},"author":1,"featured_media":0,"parent":0,"menu_order":0,"comment_status":"closed","ping_status":"closed","template":"page-fullwidth.php","meta":{"footnotes":""},"class_list":["post-33437","page","type-page","status-publish"],"_links":{"self":[{"href":"http:\/\/alsantis.com\/fr\/wp-json\/wp\/v2\/pages\/33437","targetHints":{"allow":["GET"]}}],"collection":[{"href":"http:\/\/alsantis.com\/fr\/wp-json\/wp\/v2\/pages"}],"about":[{"href":"http:\/\/alsantis.com\/fr\/wp-json\/wp\/v2\/types\/page"}],"author":[{"embeddable":true,"href":"http:\/\/alsantis.com\/fr\/wp-json\/wp\/v2\/users\/1"}],"replies":[{"embeddable":true,"href":"http:\/\/alsantis.com\/fr\/wp-json\/wp\/v2\/comments?post=33437"}],"version-history":[{"count":0,"href":"http:\/\/alsantis.com\/fr\/wp-json\/wp\/v2\/pages\/33437\/revisions"}],"wp:attachment":[{"href":"http:\/\/alsantis.com\/fr\/wp-json\/wp\/v2\/media?parent=33437"}],"curies":[{"name":"wp","href":"https:\/\/api.w.org\/{rel}","templated":true}]}}