{"id":13411,"date":"2019-07-17T04:05:13","date_gmt":"2019-07-17T04:05:13","guid":{"rendered":"http:\/\/democontent.codex-themes.com\/thegem-creative\/?page_id=13411"},"modified":"2025-08-21T09:52:53","modified_gmt":"2025-08-21T07:52:53","slug":"kontakt","status":"publish","type":"page","link":"http:\/\/alsantis.com\/pl\/kontakt\/","title":{"rendered":"Kontakt"},"content":{"rendered":"<div data-elementor-type=\"wp-page\" data-elementor-id=\"13411\" class=\"elementor elementor-13411\">\n\t\t\t\t\t\t<section class=\"elementor-section elementor-top-section elementor-element elementor-element-6913ad2e elementor-section-stretched elementor-section-height-full elementor-section-items-stretch elementor-section-content-middle elementor-section-boxed elementor-section-height-default\" data-id=\"6913ad2e\" data-element_type=\"section\" data-settings=\"{&quot;stretch_section&quot;:&quot;section-stretched&quot;,&quot;background_background&quot;:&quot;classic&quot;}\">\r\n\t\t\t\t\t\t<div class=\"elementor-container elementor-column-gap-thegem\"><div class=\"elementor-row\">\r\n\t\t\t\t\t<div class=\"elementor-column elementor-col-100 elementor-top-column elementor-element elementor-element-24bf3d12\" data-id=\"24bf3d12\" data-element_type=\"column\" data-settings=\"{&quot;thegem_inline_elements&quot;:&quot;yes&quot;}\">\n\t\t\t<div class=\"elementor-widget-wrap elementor-element-populated\">\n\t\t\t\t\t\t<div class=\"elementor-element elementor-element-f64363e flex-horizontal-align-default flex-horizontal-align-tablet-default flex-horizontal-align-mobile-default flex-vertical-align-default flex-vertical-align-tablet-default flex-vertical-align-mobile-default elementor-widget elementor-widget-text-editor\" data-id=\"f64363e\" data-element_type=\"widget\" data-widget_type=\"text-editor.default\">\n\t\t\t\t<div class=\"elementor-widget-container\">\n\t\t\t\t\t\t\t\t\t\t\t\t<div class=\"elementor-text-editor elementor-clearfix\">\r\n\t\t\t\t\t\t<div class=\"title-xlarge\">skontaktuj si\u0119 z nami<\/div>\t\t\t\t\t\t\t<\/div>\r\n\t\t\t\t\t\t\t\t\t\t<\/div>\n\t\t\t\t<\/div>\n\t\t\t\t<div class=\"elementor-element elementor-element-5b0c1be4 flex-horizontal-align-default flex-horizontal-align-tablet-default flex-horizontal-align-mobile-default flex-vertical-align-default flex-vertical-align-tablet-default flex-vertical-align-mobile-default elementor-widget elementor-widget-text-editor\" data-id=\"5b0c1be4\" data-element_type=\"widget\" data-widget_type=\"text-editor.default\">\n\t\t\t\t<div class=\"elementor-widget-container\">\n\t\t\t\t\t\t\t\t\t\t\t\t<div class=\"elementor-text-editor elementor-clearfix\">\r\n\t\t\t\t\t\t<h6>Je\u015bli s\u0105 Pa\u0144stwo zainteresowani wsp\u00f3\u0142prac\u0105 z nasz\u0105 firm\u0105, prosimy o kontakt. Poni\u017cej znajduj\u0105 si\u0119 nasze dane kontaktowe oraz formularz kontaktowy.<\/h6>\t\t\t\t\t\t\t<\/div>\r\n\t\t\t\t\t\t\t\t\t\t<\/div>\n\t\t\t\t<\/div>\n\t\t\t\t<div class=\"elementor-element elementor-element-6becfd2 elementor-absolute flex-horizontal-align-default flex-horizontal-align-tablet-default flex-horizontal-align-mobile-default flex-vertical-align-default flex-vertical-align-tablet-default flex-vertical-align-mobile-default elementor-widget elementor-widget-thegem-icon\" data-id=\"6becfd2\" data-element_type=\"widget\" data-settings=\"{&quot;thegem_elementor_preset&quot;:&quot;square&quot;,&quot;_position&quot;:&quot;absolute&quot;}\" data-widget_type=\"thegem-icon.default\">\n\t\t\t\t<div class=\"elementor-widget-container\">\n\t\t\t\t\t\t\t\t\t<div class=\"centered-box icon-inline-position\">\n\n\t\t\t\t<a href=\"#link\">\n\n\t\t\t\t<div class=\"gem-icon gem-icon-pack-fontawesome gem-icon-size-medium  gem-icon-shape-square\">\n\n\t\t\t\t\t\n\t\t\t\t\n\t\t\t\t<div class=\"gem-icon-inner\">\t\t\t\t\n\n\t\t\t\t\n\t\t\t\t\t\t\t\t\t\t\n\t\t\t\t\t<div class=\"padding-box-inner\">\t\n\t\t\t\t\t\t\t\t\t\t\t\n\n\n\t\t\t\t\t\n\t\t\t\t\t<span class=\"gem-icon-half-1\"><span class=\"back-angle\">\n\t\t\t\t\t<i aria-hidden=\"true\" class=\"gem-mdi mdi-arrow-down\"><\/i>\t\t\t\t\t<\/span><\/span>\n\t\t\t\t\t<span class=\"gem-icon-half-2\"><span class=\"back-angle\">\n\t\t\t\t\t<i aria-hidden=\"true\" class=\"gem-mdi mdi-arrow-down\"><\/i>\t\t\t\t\t<\/span><\/span>\t\n\t\t\t\t\n\t\t\t\t<\/div>\t\t\t\t\n\n\t\t\t\t\t\t\t\t\t\n\n\t\t\t\t\t\t\t\t\t\t\n\t\t\t\t\t<\/div>\n\t\t\t\t\t\t\t\t\t\n\n\t\t\t\t<\/div>\n\n\t\t\t\t<\/a>\n\n\t\t\t\t<\/div>\n\t\t\t\t\t\t\t<\/div>\n\t\t\t\t<\/div>\n\t\t\t\t\t<\/div>\n\t\t<\/div>\n\t\t\t\t\t<\/div><\/div>\r\n\t\t<\/section>\r\n\t\t\t\t<section class=\"elementor-section elementor-top-section elementor-element elementor-element-17dfc63 elementor-section-stretched elementor-section-full_width elementor-section-height-min-height elementor-section-height-default elementor-section-items-middle\" data-id=\"17dfc63\" data-element_type=\"section\" id=\"link\" data-settings=\"{&quot;stretch_section&quot;:&quot;section-stretched&quot;}\">\r\n\t\t\t\t\t\t<div class=\"elementor-container elementor-column-gap-no\"><div class=\"elementor-row\">\r\n\t\t\t\t\t<div class=\"elementor-column elementor-col-33 elementor-top-column elementor-element elementor-element-5dc77421\" data-id=\"5dc77421\" data-element_type=\"column\" data-settings=\"{&quot;thegem_inline_elements&quot;:&quot;yes&quot;}\">\n\t\t\t<div class=\"elementor-widget-wrap elementor-element-populated\">\n\t\t\t\t\t\t<div class=\"elementor-element elementor-element-1dc7178 flex-horizontal-align-default flex-horizontal-align-tablet-default flex-horizontal-align-mobile-default flex-vertical-align-default flex-vertical-align-tablet-default flex-vertical-align-mobile-default elementor-widget elementor-widget-heading\" data-id=\"1dc7178\" data-element_type=\"widget\" data-widget_type=\"heading.default\">\n\t\t\t\t<div class=\"elementor-widget-container\">\n\t\t\t\t\t<div class=\"title-h4 elementor-heading-title elementor-size-default\">FORMULARZ KONTAKTOWY<\/div>\t\t\t\t<\/div>\n\t\t\t\t<\/div>\n\t\t\t\t<div class=\"elementor-element elementor-element-9ce3a32 flex-horizontal-align-default flex-horizontal-align-tablet-default flex-horizontal-align-mobile-default flex-vertical-align-default flex-vertical-align-tablet-default flex-vertical-align-mobile-default elementor-widget elementor-widget-shortcode\" data-id=\"9ce3a32\" data-element_type=\"widget\" data-widget_type=\"shortcode.default\">\n\t\t\t\t<div class=\"elementor-widget-container\">\n\t\t\t\t\t\t\t<div class=\"elementor-shortcode\"><style id=\"wpforms-css-vars-33798\">\n\t\t\t\t#wpforms-33798 {\n\t\t\t\t--wpforms-field-border-color: #afb6b9;\n--wpforms-field-border-color-spare: #afb6b9;\n--wpforms-field-text-color: #262c2e;\n--wpforms-label-color: #262c2e;\n--wpforms-label-sublabel-color: #4c585d;\n--wpforms-label-error-color: #d63636;\n--wpforms-button-background-color: #2A2B58;\n--wpforms-button-border-color: #0090bf;\n--wpforms-button-text-color: #e5f4f9;\n--wpforms-background-color: rgba(0, 0, 0, 0);\n--wpforms-page-break-color: #0090bf;\n--wpforms-field-size-input-height: 43px;\n--wpforms-field-size-input-spacing: 15px;\n--wpforms-field-size-font-size: 16px;\n--wpforms-field-size-line-height: 19px;\n--wpforms-field-size-padding-h: 14px;\n--wpforms-field-size-checkbox-size: 16px;\n--wpforms-field-size-sublabel-spacing: 5px;\n--wpforms-field-size-icon-size: 1;\n--wpforms-label-size-font-size: 16px;\n--wpforms-label-size-line-height: 19px;\n--wpforms-label-size-sublabel-font-size: 14px;\n--wpforms-label-size-sublabel-line-height: 17px;\n--wpforms-button-size-font-size: 17px;\n--wpforms-button-size-height: 41px;\n--wpforms-button-size-padding-h: 15px;\n--wpforms-button-size-margin-top: 10px;\n--wpforms-container-shadow-size-box-shadow: none;\n\n\t\t\t}\n\t\t\t<\/style><div class=\"wpforms-container wpforms-container-full wpforms-render-modern\" id=\"wpforms-33798\"><form id=\"wpforms-form-33798\" class=\"wpforms-validate wpforms-form wpforms-ajax-form\" data-formid=\"33798\" method=\"post\" enctype=\"multipart\/form-data\" action=\"\/pl\/wp-json\/wp\/v2\/pages\/13411\" data-token=\"2f8a74f13c7af1be9ce5073ad89f96d2\" data-token-time=\"1776304637\" data-trp-original-action=\"\/pl\/wp-json\/wp\/v2\/pages\/13411\"><noscript class=\"wpforms-error-noscript\">Aby wype\u0142ni\u0107 ten formularz, w\u0142\u0105cz obs\u0142ug\u0119 JavaScript w przegl\u0105darce.<\/noscript><div id=\"wpforms-error-noscript\" style=\"display: none;\">Aby wype\u0142ni\u0107 ten formularz, w\u0142\u0105cz obs\u0142ug\u0119 JavaScript w przegl\u0105darce.<\/div><div class=\"wpforms-field-container\">\t\t<div id=\"wpforms-33798-field_4-container\"\n\t\t\tclass=\"wpforms-field wpforms-field-text\"\n\t\t\tdata-field-type=\"text\"\n\t\t\tdata-field-id=\"4\"\n\t\t\t>\n\t\t\t<label class=\"wpforms-field-label\" for=\"wpforms-33798-field_4\" >Firma \/ Wiadomo\u015b\u0107<\/label>\n\t\t\t<input type=\"text\" id=\"wpforms-33798-field_4\" class=\"wpforms-field-medium\" name=\"wpforms[fields][4]\" >\n\t\t<\/div>\n\t\t<div id=\"wpforms-33798-field_1-container\" class=\"wpforms-field wpforms-field-name\" data-field-id=\"1\"><label class=\"wpforms-field-label\" for=\"wpforms-33798-field_1\">Nazwa \/ Firma <span class=\"wpforms-required-label\" aria-hidden=\"true\">*<\/span><\/label><input type=\"text\" id=\"wpforms-33798-field_1\" class=\"wpforms-field-large wpforms-field-required\" name=\"wpforms[fields][1]\" aria-errormessage=\"wpforms-33798-field_1-error\" required><\/div><div id=\"wpforms-33798-field_2-container\" class=\"wpforms-field wpforms-field-email\" data-field-id=\"2\"><label class=\"wpforms-field-label\" for=\"wpforms-33798-field_2\">E-mail <span class=\"wpforms-required-label\" aria-hidden=\"true\">*<\/span><\/label><input type=\"email\" id=\"wpforms-33798-field_2\" class=\"wpforms-field-large wpforms-field-required\" name=\"wpforms[fields][2]\" spellcheck=\"false\" aria-errormessage=\"wpforms-33798-field_2-error\" required><\/div><div id=\"wpforms-33798-field_6-container\" class=\"wpforms-field wpforms-field-phone\" data-field-id=\"6\"><label class=\"wpforms-field-label\" for=\"wpforms-33798-field_6\">Telefon <span class=\"wpforms-required-label\" aria-hidden=\"true\">*<\/span><\/label><input type=\"tel\" id=\"wpforms-33798-field_6\" class=\"wpforms-field-large wpforms-field-required\" data-rule-int-phone-field=\"true\" name=\"wpforms[fields][6]\" aria-label=\"Telefon\" aria-errormessage=\"wpforms-33798-field_6-error\" required><\/div><div id=\"wpforms-33798-field_3-container\" class=\"wpforms-field wpforms-field-textarea\" data-field-id=\"3\"><label class=\"wpforms-field-label\" for=\"wpforms-33798-field_3\">Wiadomo\u015b\u0107<\/label><textarea id=\"wpforms-33798-field_3\" class=\"wpforms-field-medium\" name=\"wpforms[fields][3]\" aria-errormessage=\"wpforms-33798-field_3-error\" ><\/textarea><\/div><script>\n\t\t\t\t( function() {\n\t\t\t\t\tconst style = document.createElement( 'style' );\n\t\t\t\t\tstyle.appendChild( document.createTextNode( '#wpforms-33798-field_4-container { position: absolute !important; overflow: hidden !important; display: inline !important; height: 1px !important; width: 1px !important; z-index: -1000 !important; padding: 0 !important; } #wpforms-33798-field_4-container input { visibility: hidden; } #wpforms-conversational-form-page #wpforms-33798-field_4-container label { counter-increment: none; }' ) );\n\t\t\t\t\tdocument.head.appendChild( style );\n\t\t\t\t\tdocument.currentScript?.remove();\n\t\t\t\t} )();\n\t\t\t<\/script><\/div><!-- .wpforms-field-container --><div class=\"wpforms-submit-container\" ><input type=\"hidden\" name=\"wpforms[id]\" value=\"33798\"><input type=\"hidden\" name=\"page_title\" value=\"\"><input type=\"hidden\" name=\"page_url\" value=\"http:\/\/alsantis.com\/pl\/wp-json\/wp\/v2\/pages\/13411\"><input type=\"hidden\" name=\"url_referer\" value=\"\"><button type=\"submit\" name=\"wpforms[submit]\" id=\"wpforms-submit-33798\" class=\"wpforms-submit\" data-alt-text=\"Sending\u2026\" data-submit-text=\"Submit\" aria-live=\"assertive\" value=\"wpforms-submit\">Prze\u015blij<\/button><img src=\"http:\/\/alsantis.com\/wp-content\/plugins\/wpforms\/assets\/images\/submit-spin.svg\" class=\"wpforms-submit-spinner\" style=\"display: none;\" width=\"26\" height=\"26\" alt=\"Wczytywanie\"><\/div><input type=\"hidden\" name=\"trp-form-language\" value=\"pl\"\/><\/form><\/div>  <!-- .wpforms-container --><\/div>\n\t\t\t\t\t\t<\/div>\n\t\t\t\t<\/div>\n\t\t\t\t\t<\/div>\n\t\t<\/div>\n\t\t\t\t<div class=\"elementor-column elementor-col-66 elementor-top-column elementor-element elementor-element-387dd0e0\" data-id=\"387dd0e0\" data-element_type=\"column\" data-settings=\"{&quot;background_background&quot;:&quot;classic&quot;,&quot;thegem_inline_elements&quot;:&quot;yes&quot;}\">\n\t\t\t<div class=\"elementor-widget-wrap elementor-element-populated\">\n\t\t\t\t\t\t<section class=\"elementor-section elementor-inner-section elementor-element elementor-element-196bdff2 elementor-section-full_width elementor-section-height-min-height elementor-section-content-middle elementor-section-height-default\" data-id=\"196bdff2\" data-element_type=\"section\">\r\n\t\t\t\t\t\t<div class=\"elementor-container elementor-column-gap-no\"><div class=\"elementor-row\">\r\n\t\t\t\t\t<div class=\"elementor-column elementor-col-50 elementor-inner-column elementor-element elementor-element-40bbcd14\" data-id=\"40bbcd14\" data-element_type=\"column\" data-settings=\"{&quot;thegem_inline_elements&quot;:&quot;yes&quot;}\">\n\t\t\t<div class=\"elementor-widget-wrap elementor-element-populated\">\n\t\t\t\t\t\t<div class=\"elementor-element elementor-element-167a7463 flex-horizontal-align-default flex-horizontal-align-tablet-default flex-horizontal-align-mobile-default flex-vertical-align-default flex-vertical-align-tablet-default flex-vertical-align-mobile-default elementor-widget elementor-widget-thegem-styled-textbox\" data-id=\"167a7463\" data-element_type=\"widget\" data-settings=\"{&quot;thegem_elementor_preset&quot;:&quot;basic&quot;}\" data-widget_type=\"thegem-styled-textbox.default\">\n\t\t\t\t<div class=\"elementor-widget-container\">\n\t\t\t\t\t\n<div class=\"gem-textbox styled-textbox-basic\">\n\n\t\n\t\t<div class=\"gem-textbox-top gem-textbox-top-none default-fill\">\n\t\t\t\t\t<\/div>\n\t\n\t<div class=\"gem-textbox-inner\">\n\n\t\t<div class=\"gem-textbox-content default-background icon-top gem-textbox-icon-image-wrapping-none\">\n\n\t\t\t\t\t\t\t<div class=\"gem-texbox-icon-image-wrapper\">\n\n\t\t\t\t\t\t\t\t\t\t\t<div class=\"icon-top\">\n\t\t\t\t\t\t\t<div class=\"gem-textbox-icon\">\n\t\t\t\t\t\t\t\t<div class=\"elementor-icon\">\n\t\t\t\t\t\t\t\t\t<i aria-hidden=\"true\" class=\"gem-elegant icon-phone\"><\/i>\t\t\t\t\t\t\t\t<\/div>\n\t\t\t\t\t\t\t<\/div>\n\t\t\t\t\t\t<\/div>\n\t\t\t\t\t\n\t\t\t\t\t\n\t\t\t\t<\/div>\n\t\t\t\n\t\t\t<div class=\"gem-texbox-text-wrapper\">\n\n\t\t\t\t\t\t\t\t\t\n\t\t\t\t\t\t<div class=\"gem-textbox-title title-h4 bold\">\n\t\t\t\t\t\t\tKontakt SZCZEG\u00d3\u0141Y\t\t\t\t\t\t<\/div>\n\n\t\t\t\t\t\n\t\t\t\t\t\n\t\t\t\t\t\t<div class=\"gem-textbox-description gem-text-output\">\n\t\t\t\t\t\t\t<p>+41 79 914 20 50<br \/>contact@alsantis.com<\/p>\t\t\t\t\t\t<\/div>\n\n\t\t\t\t\t\n\t\t\t\t\n\t\t\t\t\n\t\t\t<\/div>\n\n\t\t<\/div>\n\n\t<\/div>\n\n\t\n\t\t<div class=\"gem-textbox-bottom gem-textbox-bottom-none default-fill\">\n\t\t\t\t<\/div>\n\t\n\t\n<\/div>\n\t\t\t\t<\/div>\n\t\t\t\t<\/div>\n\t\t\t\t\t<\/div>\n\t\t<\/div>\n\t\t\t\t<div class=\"elementor-column elementor-col-50 elementor-inner-column elementor-element elementor-element-680b7561\" data-id=\"680b7561\" data-element_type=\"column\" data-settings=\"{&quot;thegem_inline_elements&quot;:&quot;yes&quot;}\">\n\t\t\t<div class=\"elementor-widget-wrap elementor-element-populated\">\n\t\t\t\t\t\t<div class=\"elementor-element elementor-element-1d25321c flex-horizontal-align-default flex-horizontal-align-tablet-default flex-horizontal-align-mobile-default flex-vertical-align-default flex-vertical-align-tablet-default flex-vertical-align-mobile-default elementor-widget elementor-widget-thegem-styled-textbox\" data-id=\"1d25321c\" data-element_type=\"widget\" data-settings=\"{&quot;thegem_elementor_preset&quot;:&quot;basic&quot;}\" data-widget_type=\"thegem-styled-textbox.default\">\n\t\t\t\t<div class=\"elementor-widget-container\">\n\t\t\t\t\t\n<div class=\"gem-textbox styled-textbox-basic\">\n\n\t\n\t\t<div class=\"gem-textbox-top gem-textbox-top-none default-fill\">\n\t\t\t\t\t<\/div>\n\t\n\t<div class=\"gem-textbox-inner\">\n\n\t\t<div class=\"gem-textbox-content default-background icon-top gem-textbox-icon-image-wrapping-none\">\n\n\t\t\t\t\t\t\t<div class=\"gem-texbox-icon-image-wrapper\">\n\n\t\t\t\t\t\t\t\t\t\t\t<div class=\"icon-top\">\n\t\t\t\t\t\t\t<div class=\"gem-textbox-icon\">\n\t\t\t\t\t\t\t\t<div class=\"elementor-icon\">\n\t\t\t\t\t\t\t\t\t<i aria-hidden=\"true\" class=\"gem-elegant icon-pin-alt\"><\/i>\t\t\t\t\t\t\t\t<\/div>\n\t\t\t\t\t\t\t<\/div>\n\t\t\t\t\t\t<\/div>\n\t\t\t\t\t\n\t\t\t\t\t\n\t\t\t\t<\/div>\n\t\t\t\n\t\t\t<div class=\"gem-texbox-text-wrapper\">\n\n\t\t\t\t\t\t\t\t\t\n\t\t\t\t\t\t<div class=\"gem-textbox-title title-h4 bold\">\n\t\t\t\t\t\t\tJESTE\u015aMY TUTAJ\t\t\t\t\t\t<\/div>\n\n\t\t\t\t\t\n\t\t\t\t\t\n\t\t\t\t\t\t<div class=\"gem-textbox-description gem-text-output\">\n\t\t\t\t\t\t\t<p>M\u00fchlegasse 18, 6340<br \/>Baar, Zug, Szwajcaria<\/p>\t\t\t\t\t\t<\/div>\n\n\t\t\t\t\t\n\t\t\t\t\n\t\t\t\t\n\t\t\t<\/div>\n\n\t\t<\/div>\n\n\t<\/div>\n\n\t\n\t\t<div class=\"gem-textbox-bottom gem-textbox-bottom-none default-fill\">\n\t\t\t\t<\/div>\n\t\n\t\n<\/div>\n\t\t\t\t<\/div>\n\t\t\t\t<\/div>\n\t\t\t\t\t<\/div>\n\t\t<\/div>\n\t\t\t\t\t<\/div><\/div>\r\n\t\t<\/section>\r\n\t\t\t\t\t<\/div>\n\t\t<\/div>\n\t\t\t\t\t<\/div><\/div>\r\n\t\t<\/section>\r\n\t\t\t\t<\/div>","protected":false},"excerpt":{"rendered":"<p>Skontaktuj si\u0119 z nami Je\u015bli jeste\u015b zainteresowany wsp\u00f3\u0142prac\u0105 z nasz\u0105 firm\u0105, skontaktuj si\u0119 z nami. Poni\u017cej...<\/p>","protected":false},"author":1,"featured_media":0,"parent":0,"menu_order":0,"comment_status":"closed","ping_status":"closed","template":"page-fullwidth.php","meta":{"footnotes":""},"class_list":["post-13411","page","type-page","status-publish"],"_links":{"self":[{"href":"http:\/\/alsantis.com\/pl\/wp-json\/wp\/v2\/pages\/13411","targetHints":{"allow":["GET"]}}],"collection":[{"href":"http:\/\/alsantis.com\/pl\/wp-json\/wp\/v2\/pages"}],"about":[{"href":"http:\/\/alsantis.com\/pl\/wp-json\/wp\/v2\/types\/page"}],"author":[{"embeddable":true,"href":"http:\/\/alsantis.com\/pl\/wp-json\/wp\/v2\/users\/1"}],"replies":[{"embeddable":true,"href":"http:\/\/alsantis.com\/pl\/wp-json\/wp\/v2\/comments?post=13411"}],"version-history":[{"count":0,"href":"http:\/\/alsantis.com\/pl\/wp-json\/wp\/v2\/pages\/13411\/revisions"}],"wp:attachment":[{"href":"http:\/\/alsantis.com\/pl\/wp-json\/wp\/v2\/media?parent=13411"}],"curies":[{"name":"wp","href":"https:\/\/api.w.org\/{rel}","templated":true}]}}